{"id":3752,"date":"2023-08-29T14:48:04","date_gmt":"2023-08-29T14:48:04","guid":{"rendered":"http:\/\/www.disc-conference.org\/wp\/disc2023\/?page_id=3752"},"modified":"2024-11-28T09:05:17","modified_gmt":"2024-11-28T09:05:17","slug":"detailed-program","status":"publish","type":"page","link":"https:\/\/www.disc-conference.org\/wp\/disc2024\/detailed-program\/","title":{"rendered":"Program"},"content":{"rendered":"\n<p><strong>DISC&#8217;24 proceedings are available on <a href=\"https:\/\/drops.dagstuhl.de\/entities\/volume\/LIPIcs-volume-319\">the LIPIcs web site<\/a><\/strong><\/p>\n\n\n\n<p><strong>Recordings of the DISC sessions are available on Youtube: <a href=\"https:\/\/youtube.com\/live\/pliBpRrth-0\">Tuesday<\/a>, <a href=\"https:\/\/youtube.com\/live\/0Df-kSHPMpY\">Wednesday<\/a>, <a href=\"https:\/\/youtube.com\/live\/c7Q-6pXVLN4\">Thursday<\/a><\/strong><\/p>\n\n\n\n<p><\/p>\n\n\n\n<h2 class=\"wp-block-heading\">Monday, October 28: <a href=\"https:\/\/adga-workshop.org\/2024\/\">ADGA<\/a>, <a href=\"https:\/\/www.disc-conference.org\/wp\/disc2024\/tutorial-federated-learning-using-the-flower-framework\/\">Flower Tutorial<\/a> (see workshop web-sites for details)<\/h2>\n\n\n\n<figure class=\"wp-block-table is-style-regular\"><table><tbody><tr><td>09:00 &#8211; 09:30<\/td><td class=\"has-text-align-left\" data-align=\"left\"><strong>Registration<\/strong><\/td><\/tr><tr><td>09:30 &#8211; 10:30<\/td><td class=\"has-text-align-left\" data-align=\"left\"><a href=\"https:\/\/adga-workshop.org\/2024\/\">ADGA<\/a><\/td><\/tr><tr><td>10:30 &#8211; 11:00<\/td><td class=\"has-text-align-left\" data-align=\"left\"><strong>Coffee Break<\/strong><\/td><\/tr><tr><td>11:00 &#8211; 13:00<\/td><td class=\"has-text-align-left\" data-align=\"left\"><a href=\"https:\/\/adga-workshop.org\/2024\/\">ADGA<\/a><\/td><\/tr><tr><td>13:00 &#8211; 14:30<\/td><td class=\"has-text-align-left\" data-align=\"left\"><strong>Lunch<\/strong><\/td><\/tr><tr><td>14:30 &#8211; 16:30<\/td><td class=\"has-text-align-left\" data-align=\"left\"><a href=\"https:\/\/adga-workshop.org\/2024\/\">ADGA<\/a> \/ <a href=\"https:\/\/www.disc-conference.org\/wp\/disc2024\/tutorial-federated-learning-using-the-flower-framework\/\">Flower Tutorial<\/a><\/td><\/tr><tr><td>16:30 &#8211; 17:00<\/td><td class=\"has-text-align-left\" data-align=\"left\"><strong>Coffee Break<\/strong><\/td><\/tr><tr><td>17:00 &#8211; 18:00<\/td><td class=\"has-text-align-left\" data-align=\"left\"><a href=\"https:\/\/adga-workshop.org\/2024\/\">ADGA<\/a> \/ <a href=\"https:\/\/www.disc-conference.org\/wp\/disc2024\/tutorial-federated-learning-using-the-flower-framework\/\">Flower Tutorial<\/a><\/td><\/tr><tr><td>18:00 &#8211; 19:00<\/td><td class=\"has-text-align-left\" data-align=\"left\"><strong>DISC Reception<\/strong> <br>Registration for DISC-only attendees open from 17:45<\/td><\/tr><\/tbody><\/table><\/figure>\n\n\n\n<h2 class=\"wp-block-heading\">Tuesday, October 29<\/h2>\n\n\n\n<figure class=\"wp-block-table\"><table><tbody><tr><td>08:30 &#8211; 09:00<\/td><td><strong>Registration<\/strong><\/td><td><\/td><\/tr><tr><td>09:00 &#8211; 09:05 &nbsp;&nbsp;&nbsp;&nbsp;&nbsp;&nbsp;&nbsp;&nbsp;&nbsp;&nbsp;&nbsp;&nbsp;<\/td><td><strong>Opening Remarks<\/strong><\/td><td><\/td><\/tr><tr><td>09:05 &#8211; 10:05<\/td><td><strong>Keynote: Networks in the Age of Distributed Computation, Stefan Schmid<\/strong><\/td><td><\/td><\/tr><tr><td><\/td><td><strong>Session 1: Shared-Memory Algorithms (Chair: Dan Alistarh)<\/strong><\/td><td><\/td><\/tr><tr><td>10:05 &#8211; 10:25<\/td><td>Lock-Free Augmented Trees <strong>(Best Paper Co-Winner)<\/strong><br>Panagiota Fatourou, Eric Ruppert<\/td><td><\/td><\/tr><tr><td>10:25 &#8211; 10:45<\/td><td>A Fully Concurrent Adaptive Snapshot Object for RMWable Shared-Memory<br>Benyamin Bashari, David Yu Cheng Chan, Philipp Woelfel<\/td><td><\/td><\/tr><tr><td>10:45 &#8211; 10:50<\/td><td>BA: Concurrent Aggregate Queries<br>Gal Sela, Erez Petrank<\/td><td><\/td><\/tr><tr><td>10:50 &#8211; 11:30<\/td><td><strong>Coffee Break<\/strong><\/td><td><\/td><\/tr><tr><td><\/td><td><strong>Session 2: Challenges in Dynamic Networks (Chair: Ran Gelles)<\/strong><\/td><td><\/td><\/tr><tr><td>11:30 &#8211; 11:50<\/td><td>Broadcast and Consensus in Stochastic Dynamic Networks with Byzantine Nodes and Adversarial Edges<br>Antoine El-Hayek, Monika Henzinger, Stefan Schmid<\/td><td><\/td><\/tr><tr><td>11:50 &#8211; 12:10<\/td><td>Memory Lower Bounds and Impossibility Results for Anonymous Dynamic Broadcast<br>Garrett Parzych, Joshua J. Daymude<\/td><td><\/td><\/tr><tr><td>12:10 &#8211; 12:15<\/td><td>BA: Towards Optimal Communication Byzantine Reliable Broadcast under a Message Adversary<br>Timoth\u00e9 Albouy, Davide Frey, Ran Gelles, Carmit Hazay, Michel Raynal, Elad Michael Schiller, Fran\u00e7ois Ta\u00efani, Vassilis Zikas<\/td><td><\/td><\/tr><tr><td><\/td><td><strong>Session 3: Distributed Assignment Problems (Chair: Seth Gilbert)<\/strong><\/td><td><\/td><\/tr><tr><td>12:15 &#8211; 12:35<\/td><td>Near Optimal Algorithms for Token Collision in Anonymous Networks<br>Sirui Bai, Xinyu Fu, Xudong Wu, Penghui Yao, Chaodong Zheng<\/td><td><\/td><\/tr><tr><td>12:35 &#8211; 12:55<\/td><td>Sorting in One and Two Rounds using t-Comparators<br>Ran Gelles, Zvi Lotker, Frederik Mallmann-Trenn<\/td><td><\/td><\/tr><tr><td>12:55 &#8211; 13:00<\/td><td>BA: Agreement Tasks in Fault-Prone Synchronous Networks of Arbitrary Structures<br>Pierre Fraigniaud, Minh Hang Nguyen, Ami Paz<\/td><td><\/td><\/tr><tr><td>13:00 &#8211; 14:30<\/td><td><strong>Lunch<\/strong><\/td><td><\/td><\/tr><tr><td><\/td><td><strong>Session 4: Distributed Graph Coloring and Friends (Chair: Sebastian Brandt)<\/strong><\/td><td><\/td><\/tr><tr><td>14:30 &#8211; 14:50<\/td><td>Asynchronous Fault-Tolerant Distributed Proper Coloring of Graphs<br>Alkida Balliu, Pierre Fraigniaud, Patrick Lambein-Monette, Dennis Olivetti, Mika\u00ebl Rabie<\/td><td><\/td><\/tr><tr><td>14:50 &#8211; 15:10<\/td><td>Connectivity Labeling in Faulty Colored Graphs<br>Asaf Petruschka, Shay Spair, Elad Tzalik<\/td><td><\/td><\/tr><tr><td>15:10 &#8211; 15:15<\/td><td>BA: Distributed Maximum Flow in Planar Graphs<br>Yaseen Abd-Elhaleem, Michal Dory, Merav Parter, Oren Weimann<\/td><td><\/td><\/tr><tr><td>15:15 &#8211; 15:35<\/td><td>Distributed Delta-Coloring under Bandwidth Limitations<br>Magn\u00fas M. Halld\u00f3rsson, Yannic Maus<\/td><td><\/td><\/tr><tr><td>15:35 &#8211; 15:55<\/td><td>Decentralized Distributed Graph Coloring II: Degree+1-Coloring Virtual Graphs<br>Maxime Flin, Magn\u00fas M. Halld\u00f3rsson, Alexandre Nolin<\/td><td><\/td><\/tr><tr><td>15:55 &#8211; 16:00<\/td><td>BA: Agent-based Leader Election, MST, and Beyond<br>Ajay D. Kshemkalyani, Manish Kumar, Anisur Rahaman Molla, Gokarna Sharma<\/td><td><\/td><\/tr><tr><td>16:00 &#8211; 16:20<\/td><td><strong>Coffee Break<\/strong><\/td><td><\/td><\/tr><tr><td><\/td><td><strong>Session 5: Flavors of Synchrony (Chair: Nitin Vaidya)<\/strong><\/td><td><\/td><\/tr><tr><td>16:20 &#8211; 16:40<\/td><td>Granular Synchrony<br>Neil Giridharan, Ittai Abraham, Natacha Crooks, Kartik Nayak, Ling Ren<\/td><td><\/td><\/tr><tr><td>16:40 &#8211; 16:45<\/td><td>BA: Unifying Partial Synchrony<br>Andrei Constantinescu, Diana Ghinea, Jakub Sliwinski, Roger Wattenhofer<\/td><td><\/td><\/tr><tr><td>16:45 &#8211; 17:05<\/td><td>Convex Consensus with Asynchronous Fallback<br>Andrei Constantinescu, Diana Ghinea, Roger Wattenhofer, Floris Westermann<\/td><td><\/td><\/tr><tr><td>17:05 &#8211; 17:45<\/td><td><strong>Happy Hour<\/strong><\/td><td><\/td><\/tr><tr><td>17:45 &#8211; 19:30<\/td><td><strong>Business Meeting<\/strong><\/td><td><\/td><\/tr><\/tbody><\/table><\/figure>\n\n\n\n<h2 class=\"wp-block-heading\">Wednesday, October 30<\/h2>\n\n\n\n<figure class=\"wp-block-table\"><table><tbody><tr><td>09:00 &#8211; 10:00 &nbsp;&nbsp;&nbsp;&nbsp;&nbsp;&nbsp;&nbsp;&nbsp;&nbsp;&nbsp;&nbsp;&nbsp;<\/td><td><strong>Keynote: Federated Learning in the Presence of Heterogeneity, Gauri Joshi<\/strong><\/td><\/tr><tr><td><\/td><td><strong>Session 6: The Latest on Linearizability (Chair: Sean Ovens)<\/strong><\/td><\/tr><tr><td>10:00 &#8211; 10:20<\/td><td>Hyperproperty-Preserving Register Specifications <strong>(Best Paper Co-Winner \/ Best Student Paper)<\/strong><br>Yoav Ben Shimon, Ori Lahav, Sharon Shoham<\/td><\/tr><tr><td>10:20 &#8211; 10:40<\/td><td>Communication Requirements for Linearizable Registers<br>Ra\u00efssa Nataf, Yoram Moses<\/td><\/tr><tr><td>10:45 &#8211; 11:30<\/td><td><strong>Coffee Break<\/strong><\/td><\/tr><tr><td><\/td><td><strong>Session 7: Sorry, but You Cannot Compute that Here (Chair: Alexey Gotsman)<\/strong><\/td><\/tr><tr><td>11:30 &#8211; 11:50<\/td><td>What Cannot Be Implemented on Weak Memory?<br>Armando Casta\u00f1eda, Gregory Chockler, Brijesh Dongol, Ori Lahav<\/td><\/tr><tr><td>11:50 &#8211; 12:10<\/td><td>A Simple Computability Theorem for Colorless Tasks in Submodels of the Iterated Immediate Snapshot<br>Yannis Coutouly, Emmanuel Godard<\/td><\/tr><tr><td>12:10 &#8211; 12:15<\/td><td>BA: Solvability of Three-Process General Tasks<br>Hagit Attiya, Pierre Fraigniaud, Ami Paz, Sergio Rajsbaum<\/td><\/tr><tr><td>12:15 &#8211; 12:20<\/td><td>BA: Colorless tasks and extension-based proofs<br>Yusong Shi, Weidong Liu<\/td><\/tr><tr><td><\/td><td><strong>Session 8: Distributed Protocols (Chair: Yoram Moses)<\/strong><\/td><\/tr><tr><td>12:20 &#8211; 12:40<\/td><td>A Knowledge-Based Analysis of Intersection Protocols<br>Kaya Alpturer, Joseph Y. Halpern, Ron van der Meyden<\/td><\/tr><tr><td>12:40 &#8211; 13:00<\/td><td>The Power of Abstract MAC Layer: A Fault-tolerance Perspective<br>Qinzi Zhang, Lewis Tseng<\/td><\/tr><tr><td>13:00 &#8211; 14:30<\/td><td><strong>Lunch<\/strong><\/td><\/tr><tr><td><\/td><td><strong>Session 9: Agreement and Replication (Chair: Gregory Chockler)<\/strong><\/td><\/tr><tr><td>14:30 &#8211; 14:50<\/td><td>Efficient Signature-Free Validated Agreement<br>Pierre Civit, Muhammad Ayaz Dzulfikar, Seth Gilbert, Rachid Guerraoui, Jovan Komatovic, Manuel Vidigueira, Igor Zablotchi<\/td><\/tr><tr><td>14:50 &#8211; 15:10<\/td><td>Sing a Song of Simplex<br>Victor Shoup<\/td><\/tr><tr><td>15:10 &#8211; 15:15<\/td><td>BA: Best-Possible Unpredictable Proof-of-Stake<br>Lei Fan, Jonathan Katz, Zhenghao Lu, Phuc Thai, Hong-Sheng Zhou<\/td><\/tr><tr><td>15:15 &#8211; 15:35<\/td><td>Vertical Atomic Broadcast and Passive Replication<br>Manuel Bravo, Gregory Chockler, Alexey Gotsman, Alejandro Naser-Pastoriza, Christian Rold\u00e1n<\/td><\/tr><tr><td>15:35 &#8211; 15:55<\/td><td>Content-Oblivious Leader Election on Rings<br>Fabian Frei, Ran Gelles, Ahmed Ghazy, Alexandre Nolin<\/td><\/tr><tr><td>15:55 &#8211; 16:00<\/td><td>BA: Reconfigurable Heterogeneous Quorum Systems<br>Xiao Li, Mohsen Lesani<\/td><\/tr><tr><td>16:00 &#8211; 16:30<\/td><td><strong>Coffee Break<\/strong><\/td><\/tr><tr><td><\/td><td><strong>Session 10: Byzantine-Resilient Computing (Chair: Petr Kuznetsov)<\/strong><\/td><\/tr><tr><td>16:30 &#8211; 16:50<\/td><td>Quantum Byzantine Agreement Against Full-information Adversary<br>Longcheng Li, Xiaoming Sun, Jiadong Zhu<\/td><\/tr><tr><td>16:50 &#8211; 17:10<\/td><td>Byzantine Resilient Distributed Computing on External Data<br>John Augustine, Jeffin Biju, Shachar Meir, David Peleg, Srikkanth Ramachandran, Aishwarya Thiruvengadam<\/td><\/tr><tr><td><\/td><td><strong>Session 11: Graphs, Rumors, and Clocks (Chair: Petr Kuznetsov)<\/strong><\/td><\/tr><tr><td>17:10 &#8211; 17:30<\/td><td>On the Power of Graphical Reconfigurable Circuits<br>Yuval Emek, Yuval Gil, Noga Harlev<\/td><\/tr><tr><td>17:30 &#8211; 17:50<\/td><td>On the Limits of Information Spread by Memory-less Agents<br>Niccol\u00f2 D&#8217;Archivio, Robin Vacus<\/td><\/tr><tr><td>17:50 &#8211; 17:55<\/td><td>BA: Clock Distribution with Gradient TRIX<br>Christoph Lenzen, Shreyas Srinivas<\/td><\/tr><tr><td>17:55 &#8211; 19:30<\/td><td><strong>Free Time<\/strong><\/td><\/tr><tr><td>19:30 &#8211; 22:00<\/td><td><strong>Conference Banquet and Awards Ceremony<\/strong><br>Pre-dinner drinks served from 19:30, dinner from 20:00<br><a href=\"https:\/\/www.disc-conference.org\/wp\/disc2024\/local-information\/\">Directions to the banquet venue<\/a><br><a href=\"https:\/\/www.podc.org\/2024-principles-of-distributed-computing-doctoral-dissertation-award\/\">Doctoral Dissertation Award citation<\/a><\/td><\/tr><\/tbody><\/table><\/figure>\n\n\n\n<h2 class=\"wp-block-heading\">Thursday, October 31<\/h2>\n\n\n\n<figure class=\"wp-block-table\"><table><tbody><tr><td>09:00 &#8211; 10:00 &nbsp;&nbsp;&nbsp;&nbsp;&nbsp;&nbsp;&nbsp;&nbsp;&nbsp;&nbsp;&nbsp;&nbsp;<\/td><td><strong>Keynote: Resilient Coordination in Networked Multi-Robot Teams, Stephanie Gil<\/strong><\/td><\/tr><tr><td><\/td><td><strong>Session 12: Robots on a Plane (Chair: Eric Ruppert)<\/strong><\/td><\/tr><tr><td>10:00 &#8211; 10:20<\/td><td>Freeze-Tag in L1 has Wake-up Time Five with Linear Complexity<br>Nicolas Bonichon, Arnaud Casteigts, Cyril Gavoille, Nicolas Hanusse<\/td><\/tr><tr><td>10:20 &#8211; 10:40<\/td><td>Near-linear Time Dispersion of Mobile Agents<br>Yuichi Sudo, Masahiro Shibata, Junya Nakamura, Yonghwan Kim, Toshimitsu Masuzawa<\/td><\/tr><tr><td>10:40 &#8211; 10:45<\/td><td>BA: Distinct Gathering Under Round Robin<br>Fabian Frei, Koichi Wada<\/td><\/tr><tr><td>10:45 &#8211; 10:50<\/td><td>BA: Optimal Uniform Circle Formation by Asynchronous Luminous Robots<br>Caterina Feletti, Debasish Pattanayak, Gokarna Sharma<\/td><\/tr><tr><td>10:50 &#8211; 11:30<\/td><td><strong>Coffee Break<\/strong><\/td><\/tr><tr><td><\/td><td><strong>Session 13: Self-Organization (Chair: Joel Rybicki)<\/strong><\/td><\/tr><tr><td>11:30 &#8211; 11:50<\/td><td>Deterministic Self-Stabilising Leader Election for Programmable Matter with Constant Memory<br>J\u00e9r\u00e9mie Chalopin, Shantanu Das, Maria Kokkou<\/td><\/tr><tr><td>11:50 &#8211; 12:10<\/td><td>The computational power of discrete chemical reaction networks with bounded executions<br>David Doty, Ben Heckmann<\/td><\/tr><tr><td>12:10 &#8211; 12:15<\/td><td>BA: The Expressive Power of Uniform Population Protocols with Logarithmic Space<br>Philipp Czerner, Vincent Fischer, Roland Guttenberg<\/td><\/tr><tr><td>12:15 &#8211; 12:35<\/td><td>Single Bridge Formation in Self-Organizing Particle Systems<br>Shunhao Oh, Joseph L. Briones, Jacob Calvert, Noah Egan, Dana Randall, Andr\u00e9a W. Richa<\/td><\/tr><tr><td>12:35 &#8211; 12:55<\/td><td>Breaking Through the \u03a9(n)-space Barrier: Population Protocols Decide Double-exponential Thresholds<br>Philipp Czerner<\/td><\/tr><tr><td>12:55 &#8211; 13:00<\/td><td>BA: Self-stabilizing Graph Exploration by a Single Agent<br>Yuichi Sudo, Fukuhito Ooshita, Sayaka Kamei<\/td><\/tr><tr><td>13:00 &#8211; 14:30<\/td><td><strong>Lunch<\/strong><\/td><\/tr><tr><td><\/td><td><strong>Session 14: Navigating Graph Congestion (Chair: Jukka Suomela)<\/strong><\/td><\/tr><tr><td>14:30 &#8211; 14:50<\/td><td>Self-Stabilizing MIS Computation in the Beeping Model<br>George Giakkoupis, Volker Turau, Isabella Ziccardi<\/td><\/tr><tr><td>14:50 &#8211; 15:10<\/td><td>Speedup of Distributed Algorithms for Power Graphs in the CONGEST Model<br>Leonid Barenboim, Uri Goldenberg<\/td><\/tr><tr><td>15:10 &#8211; 15:30 <\/td><td>Faster cycle detection in the Congested Clique<br>Keren Censor-Hillel, Tomer Even, Virginia Vassilevska Williams<\/td><\/tr><tr><td>15:30 &#8211; 16:00<\/td><td><strong>Coffee Break<\/strong><\/td><\/tr><tr><td><\/td><td><strong>Session 15: Parallel Graph Algorithms (Chair: Yuanhao Wei)<\/strong><\/td><\/tr><tr><td>16:00 &#8211; 16:20<\/td><td>Parallel Set Cover and Hypergraph Matching via Uniform Random Sampling<br>Laxman Dhulipala, Michael Dinitz, Jakub \u0141\u0105cki, Slobodan Mitrovi\u0107<\/td><\/tr><tr><td>16:20 &#8211; 16:40<\/td><td>Massively Parallel Ruling Set Made Deterministic<br>Jeff Giliberti, Zahra Parsaeian<\/td><\/tr><tr><td><\/td><td><strong>Session 16: Of Graphs and Proofs (Chair: Jukka Suomela)<\/strong><\/td><\/tr><tr><td>16:40 &#8211; 17:00<\/td><td>Distributed Model Checking on Graphs of Bounded Treedepth<br>Fedor V. Fomin, Pierre Fraigniaud, Pedro Montealegre, Ivan Rapaport, Ioan Todinca<\/td><\/tr><tr><td>17:00 &#8211; 17:20<\/td><td>Fully Local Succinct Distributed Arguments<br>Eden Aldema Tshuva, Rotem Oshman<\/td><\/tr><tr><td>17:20 &#8211; 17:25<\/td><td>BA: Decreasing verification radius in local certification<br>Jan Maty\u00e1\u0161 K\u0159i\u0161\u0165an, Josef Erik Sedl\u00e1\u010dek<\/td><\/tr><tr><td>17:25 &#8211; 17:30<\/td><td><strong>Main Conference Closing<\/strong><\/td><\/tr><\/tbody><\/table><\/figure>\n\n\n\n<h2 class=\"wp-block-heading\">Friday, November 1: <strong><a href=\"https:\/\/sites.google.com\/view\/wand2024\">WAND<\/a><\/strong>, <strong><a href=\"https:\/\/users.aalto.fi\/~uittoj3\/AMG2024\/\">AMG<\/a>, <a href=\"https:\/\/sites.google.com\/view\/hacda-workshop\/\">HACDA<\/a><\/strong> (see workshop web-sites for details)<\/h2>\n\n\n\n<p><a href=\"https:\/\/sites.google.com\/view\/wand2024\">WAND<\/a> and <a href=\"https:\/\/users.aalto.fi\/~uittoj3\/AMG2024\/\">AMG<\/a>:<\/p>\n\n\n\n<figure class=\"wp-block-table is-style-regular\"><table><tbody><tr><td>09:00 &#8211;&nbsp;10:30<\/td><td><a href=\"https:\/\/sites.google.com\/view\/wand2024\">WAND<\/a><\/td><\/tr><tr><td>10:30 &#8211; 11:00<\/td><td><strong>Coffee Break<\/strong><\/td><\/tr><tr><td>11:00 &#8211;&nbsp;12:30<\/td><td><a href=\"https:\/\/sites.google.com\/view\/wand2024\">WAND<\/a><\/td><\/tr><tr><td>12:30 &#8211; 14:00<\/td><td><strong>Lunch<\/strong><\/td><\/tr><tr><td>14:00 &#8211; 15:50<\/td><td><a href=\"https:\/\/users.aalto.fi\/~uittoj3\/AMG2024\/\">AMG<\/a><\/td><\/tr><tr><td>15:50 &#8211; 16:20<\/td><td><strong>Coffee Break<\/strong><\/td><\/tr><tr><td>16:20 &#8211; 18:00<\/td><td><a href=\"https:\/\/users.aalto.fi\/~uittoj3\/AMG2024\/\">AMG<\/a><\/td><\/tr><\/tbody><\/table><\/figure>\n\n\n\n<p><a href=\"https:\/\/sites.google.com\/view\/hacda-workshop\/\">HACDA<\/a>:<\/p>\n\n\n\n<figure class=\"wp-block-table is-style-regular\"><table><tbody><tr><td>09:00 &#8211;&nbsp;11:00<\/td><td><a href=\"https:\/\/sites.google.com\/view\/hacda-workshop\/\">HACDA<\/a><\/td><\/tr><tr><td>11:00 &#8211; 11:30<\/td><td><strong>Coffee Break<\/strong><\/td><\/tr><tr><td>11:30 &#8211;&nbsp;12:30<\/td><td><a href=\"https:\/\/sites.google.com\/view\/hacda-workshop\/\">HACDA<\/a><\/td><\/tr><tr><td>12:30 &#8211; 14:00<\/td><td><strong>Lunch<\/strong><\/td><\/tr><tr><td>14:00 &#8211; 16:00<\/td><td><a href=\"https:\/\/sites.google.com\/view\/hacda-workshop\/\">HACDA<\/a><\/td><\/tr><tr><td>16:00 &#8211; 16:30<\/td><td><strong>Coffee Break<\/strong><\/td><\/tr><\/tbody><\/table><\/figure>\n","protected":false},"excerpt":{"rendered":"<p>DISC&#8217;24 proceedings are available on the LIPIcs web site Recordings of the DISC sessions are available on Youtube: Tuesday, Wednesday, Thursday Monday, October 28: ADGA, Flower Tutorial (see workshop web-sites for details) 09:00 &#8211; 09:30 Registration 09:30 &#8211; 10:30 ADGA &hellip; <a href=\"https:\/\/www.disc-conference.org\/wp\/disc2024\/detailed-program\/\">Continue reading <span class=\"meta-nav\">&rarr;<\/span><\/a><\/p>\n","protected":false},"author":30,"featured_media":0,"parent":0,"menu_order":0,"comment_status":"closed","ping_status":"closed","template":"sidebar-page.php","meta":{"footnotes":""},"class_list":["post-3752","page","type-page","status-publish","hentry"],"_links":{"self":[{"href":"https:\/\/www.disc-conference.org\/wp\/disc2024\/wp-json\/wp\/v2\/pages\/3752","targetHints":{"allow":["GET"]}}],"collection":[{"href":"https:\/\/www.disc-conference.org\/wp\/disc2024\/wp-json\/wp\/v2\/pages"}],"about":[{"href":"https:\/\/www.disc-conference.org\/wp\/disc2024\/wp-json\/wp\/v2\/types\/page"}],"author":[{"embeddable":true,"href":"https:\/\/www.disc-conference.org\/wp\/disc2024\/wp-json\/wp\/v2\/users\/30"}],"replies":[{"embeddable":true,"href":"https:\/\/www.disc-conference.org\/wp\/disc2024\/wp-json\/wp\/v2\/comments?post=3752"}],"version-history":[{"count":51,"href":"https:\/\/www.disc-conference.org\/wp\/disc2024\/wp-json\/wp\/v2\/pages\/3752\/revisions"}],"predecessor-version":[{"id":4273,"href":"https:\/\/www.disc-conference.org\/wp\/disc2024\/wp-json\/wp\/v2\/pages\/3752\/revisions\/4273"}],"wp:attachment":[{"href":"https:\/\/www.disc-conference.org\/wp\/disc2024\/wp-json\/wp\/v2\/media?parent=3752"}],"curies":[{"name":"wp","href":"https:\/\/api.w.org\/{rel}","templated":true}]}}